{"id":1985,"date":"2025-10-01T08:56:13","date_gmt":"2025-10-01T08:56:13","guid":{"rendered":"https:\/\/themexriver.com\/wp\/sassriver\/?page_id=1985"},"modified":"2026-03-11T20:34:50","modified_gmt":"2026-03-11T20:34:50","slug":"hakkimizda","status":"publish","type":"page","link":"https:\/\/hywick.com\/en\/hakkimizda\/","title":{"rendered":"About us"},"content":{"rendered":"<div data-elementor-type=\"wp-page\" data-elementor-id=\"1985\" class=\"elementor elementor-1985\" data-elementor-post-type=\"page\">\n\t\t\t\t<div class=\"elementor-element elementor-element-2c2761a e-con-full e-flex e-con e-parent\" data-id=\"2c2761a\" data-element_type=\"container\" data-e-type=\"container\" data-settings=\"{&quot;background_background&quot;:&quot;classic&quot;}\">\n\t\t<div class=\"elementor-element elementor-element-70a959d e-flex e-con-boxed e-con e-child\" data-id=\"70a959d\" data-element_type=\"container\" data-e-type=\"container\">\n\t\t\t\t\t<div class=\"e-con-inner\">\n\t\t\t\t<div class=\"elementor-element elementor-element-914affe elementor-widget elementor-widget-heading\" data-id=\"914affe\" data-element_type=\"widget\" data-e-type=\"widget\" data-widget_type=\"heading.default\">\n\t\t\t\t\t<h2 class=\"elementor-heading-title elementor-size-default\">We are making data analysis simpler, more efficient and more connected.<\/h2>\t\t\t\t<\/div>\n\t\t\t\t<div class=\"elementor-element elementor-element-f02d4bc elementor-widget elementor-widget-text-editor\" data-id=\"f02d4bc\" data-element_type=\"widget\" data-e-type=\"widget\" data-widget_type=\"text-editor.default\">\n\t\t\t\t\t\t\t\t\t<p class=\"p1\">Whether you are a brand just starting to grow or a large company selling across multiple channels, hyWick simplifies your decision-making process by consolidating all your data on a single screen.<\/p>\t\t\t\t\t\t\t\t<\/div>\n\t\t\t\t\t<\/div>\n\t\t\t\t<\/div>\n\t\t<div class=\"elementor-element elementor-element-b68c221 e-flex e-con-boxed e-con e-child\" data-id=\"b68c221\" data-element_type=\"container\" data-e-type=\"container\">\n\t\t\t\t\t<div class=\"e-con-inner\">\n\t\t\t\t<div class=\"elementor-element elementor-element-5fe66a3 elementor-widget elementor-widget-image\" data-id=\"5fe66a3\" data-element_type=\"widget\" data-e-type=\"widget\" data-widget_type=\"image.default\">\n\t\t\t\t\t\t\t\t\t\t\t\t\t\t\t<img fetchpriority=\"high\" decoding=\"async\" width=\"1284\" height=\"721\" src=\"https:\/\/hywick.com\/wp-content\/uploads\/2026\/03\/img-1.webp\" class=\"attachment-full size-full wp-image-3673\" alt=\"\" srcset=\"https:\/\/hywick.com\/wp-content\/uploads\/2026\/03\/img-1.webp 1284w, https:\/\/hywick.com\/wp-content\/uploads\/2026\/03\/img-1-300x168.webp 300w, https:\/\/hywick.com\/wp-content\/uploads\/2026\/03\/img-1-1024x575.webp 1024w, https:\/\/hywick.com\/wp-content\/uploads\/2026\/03\/img-1-768x431.webp 768w, https:\/\/hywick.com\/wp-content\/uploads\/2026\/03\/img-1-600x337.webp 600w\" sizes=\"(max-width: 1284px) 100vw, 1284px\" \/>\t\t\t\t\t\t\t\t\t\t\t\t\t\t\t<\/div>\n\t\t\t\t\t<\/div>\n\t\t\t\t<\/div>\n\t\t\t\t<\/div>\n\t\t<div class=\"elementor-element elementor-element-5d19dfd e-con-full e-flex e-con e-parent\" data-id=\"5d19dfd\" data-element_type=\"container\" data-e-type=\"container\" data-settings=\"{&quot;background_background&quot;:&quot;classic&quot;}\">\n\t\t<div class=\"elementor-element elementor-element-c813cf6 e-flex e-con-boxed e-con e-child\" data-id=\"c813cf6\" data-element_type=\"container\" data-e-type=\"container\">\n\t\t\t\t\t<div class=\"e-con-inner\">\n\t\t\t\t<div class=\"elementor-element elementor-element-f22e98e elementor-widget elementor-widget-image\" data-id=\"f22e98e\" data-element_type=\"widget\" data-e-type=\"widget\" data-widget_type=\"image.default\">\n\t\t\t\t\t\t\t\t\t\t\t\t\t\t\t<img decoding=\"async\" width=\"1096\" height=\"1084\" src=\"https:\/\/hywick.com\/wp-content\/uploads\/2026\/03\/img-2.webp\" class=\"attachment-full size-full wp-image-3674\" alt=\"\" srcset=\"https:\/\/hywick.com\/wp-content\/uploads\/2026\/03\/img-2.webp 1096w, https:\/\/hywick.com\/wp-content\/uploads\/2026\/03\/img-2-300x297.webp 300w, https:\/\/hywick.com\/wp-content\/uploads\/2026\/03\/img-2-1024x1013.webp 1024w, https:\/\/hywick.com\/wp-content\/uploads\/2026\/03\/img-2-768x760.webp 768w, https:\/\/hywick.com\/wp-content\/uploads\/2026\/03\/img-2-600x593.webp 600w, https:\/\/hywick.com\/wp-content\/uploads\/2026\/03\/img-2-100x100.webp 100w\" sizes=\"(max-width: 1096px) 100vw, 1096px\" \/>\t\t\t\t\t\t\t\t\t\t\t\t\t\t\t<\/div>\n\t\t\t\t\t<\/div>\n\t\t\t\t<\/div>\n\t\t<div class=\"elementor-element elementor-element-11aa808 e-flex e-con-boxed e-con e-child\" data-id=\"11aa808\" data-element_type=\"container\" data-e-type=\"container\">\n\t\t\t\t\t<div class=\"e-con-inner\">\n\t\t\t\t<div class=\"elementor-element elementor-element-7100588 elementor-widget elementor-widget-heading\" data-id=\"7100588\" data-element_type=\"widget\" data-e-type=\"widget\" data-widget_type=\"heading.default\">\n\t\t\t\t\t<h2 class=\"elementor-heading-title elementor-size-default\">Everything started with a single question.\n<\/h2>\t\t\t\t<\/div>\n\t\t\t\t<div class=\"elementor-element elementor-element-649447f elementor-widget elementor-widget-text-editor\" data-id=\"649447f\" data-element_type=\"widget\" data-e-type=\"widget\" data-widget_type=\"text-editor.default\">\n\t\t\t\t\t\t\t\t\t<p class=\"p1\">\"I'm spending money on ads, but am I really making a profit?\"<\/p><p class=\"p1\">There were reports. There were charts. There were agency presentations, but there was no clear answer. Sales were in one place. Ad spend was somewhere else. And profitability was most of the time never calculated at all.<\/p><p class=\"p1\">One day we realized that the problem was not a lack of data, but that the data was not generating decisions. That is exactly why hyWick was born. Not to consolidate data, but to drive decisions.<\/p><p class=\"p1\">Today hyWick consolidates sales, advertising and performance data on a single platform, enabling brands to see clearly, analyze and take action. Because seeing the data is not enough. The right decision must be made.<\/p>\t\t\t\t\t\t\t\t<\/div>\n\t\t\t\t\t<\/div>\n\t\t\t\t<\/div>\n\t\t\t\t<\/div>\n\t\t<div class=\"elementor-element elementor-element-3956569 e-con-full e-flex e-con e-parent\" data-id=\"3956569\" data-element_type=\"container\" data-e-type=\"container\" data-settings=\"{&quot;background_background&quot;:&quot;classic&quot;}\">\n\t\t<div class=\"elementor-element elementor-element-c16954d e-flex e-con-boxed e-con e-child\" data-id=\"c16954d\" data-element_type=\"container\" data-e-type=\"container\">\n\t\t\t\t\t<div class=\"e-con-inner\">\n\t\t\t\t<div class=\"elementor-element elementor-element-9ca2c77 elementor-widget elementor-widget-heading\" data-id=\"9ca2c77\" data-element_type=\"widget\" data-e-type=\"widget\" data-widget_type=\"heading.default\">\n\t\t\t\t\t<h2 class=\"elementor-heading-title elementor-size-default\">Working at hyWick<\/h2>\t\t\t\t<\/div>\n\t\t\t\t\t<\/div>\n\t\t\t\t<\/div>\n\t\t<div class=\"elementor-element elementor-element-898701a e-flex e-con-boxed e-con e-child\" data-id=\"898701a\" data-element_type=\"container\" data-e-type=\"container\">\n\t\t\t\t\t<div class=\"e-con-inner\">\n\t\t<div class=\"elementor-element elementor-element-e79d18b e-con-full e-flex e-con e-child\" data-id=\"e79d18b\" data-element_type=\"container\" data-e-type=\"container\">\n\t\t\t\t<div class=\"elementor-element elementor-element-8d22095 elementor-widget elementor-widget-text-editor\" data-id=\"8d22095\" data-element_type=\"widget\" data-e-type=\"widget\" data-widget_type=\"text-editor.default\">\n\t\t\t\t\t\t\t\t\t<p class=\"p1\">We help brands move from asking \"What happened?\" to \"What should we do now?\" If you also enjoy not just reading data but turning it into action, you are in the right place. Bring your expertise, curiosity and obsession with details. We will offer you real problems, real brands and a real area of impact.<\/p>\t\t\t\t\t\t\t\t<\/div>\n\t\t\t\t<div class=\"elementor-element elementor-element-3398bb2 elementor-widget elementor-widget-tx_button elh-el tx_button\" data-id=\"3398bb2\" data-element_type=\"widget\" data-e-type=\"widget\" data-settings=\"{&quot;design_style&quot;:&quot;style_1&quot;}\" data-widget_type=\"tx_button.default\">\n\t\t\t\t<div class=\"elementor-widget-container\">\n\t\t\t\t\t<div class=\"btn-wrap wow fadeIn\" data-wow-duration=\"1000\" data-wow-delay=\"200\">\r\n    <a href=\"https:\/\/www.linkedin.com\/company\/hywick\"\r\n    target=\"_blank\"\r\n    rel=\"\" aria-label=\"name\" class=\"sr-pr-btn-1 btn_split_1\">\r\n                <span class=\"text\">Open Positions<\/span>\r\n        \r\n                <span class=\"icon\">\r\n            <i aria-hidden=\"true\" class=\"ph ph-caret-double-right\"><\/i>            <i aria-hidden=\"true\" class=\"ph ph-caret-double-right\"><\/i>        <\/span>\r\n            <\/a>\r\n<\/div>\t\t\t\t<\/div>\n\t\t\t\t<\/div>\n\t\t\t\t<\/div>\n\t\t<div class=\"elementor-element elementor-element-215248d e-con-full e-flex e-con e-child\" data-id=\"215248d\" data-element_type=\"container\" data-e-type=\"container\">\n\t\t\t\t<div class=\"elementor-element elementor-element-e4143ac elementor-widget elementor-widget-image\" data-id=\"e4143ac\" data-element_type=\"widget\" data-e-type=\"widget\" data-widget_type=\"image.default\">\n\t\t\t\t\t\t\t\t\t\t\t\t\t\t\t<img decoding=\"async\" width=\"1096\" height=\"1084\" src=\"https:\/\/hywick.com\/wp-content\/uploads\/2026\/03\/img-3.webp\" class=\"attachment-full size-full wp-image-3675\" alt=\"\" srcset=\"https:\/\/hywick.com\/wp-content\/uploads\/2026\/03\/img-3.webp 1096w, https:\/\/hywick.com\/wp-content\/uploads\/2026\/03\/img-3-300x297.webp 300w, https:\/\/hywick.com\/wp-content\/uploads\/2026\/03\/img-3-1024x1013.webp 1024w, https:\/\/hywick.com\/wp-content\/uploads\/2026\/03\/img-3-768x760.webp 768w, https:\/\/hywick.com\/wp-content\/uploads\/2026\/03\/img-3-600x593.webp 600w, https:\/\/hywick.com\/wp-content\/uploads\/2026\/03\/img-3-100x100.webp 100w\" sizes=\"(max-width: 1096px) 100vw, 1096px\" \/>\t\t\t\t\t\t\t\t\t\t\t\t\t\t\t<\/div>\n\t\t\t\t<\/div>\n\t\t\t\t\t<\/div>\n\t\t\t\t<\/div>\n\t\t\t\t<\/div>\n\t\t\t\t<\/div>","protected":false},"excerpt":{"rendered":"<p>Veri analizini daha sade, daha verimli ve daha ba\u011flant\u0131l\u0131 hale getiriyoruz. \u0130ster b\u00fcy\u00fcmeye yeni ba\u015flayan bir marka olun ister birden fazla kanalda sat\u0131\u015f yapan b\u00fcy\u00fck bir \u015firket, hyWick t\u00fcm verilerinizi tek ekranda toplayarak karar s\u00fcrecinizi kolayla\u015ft\u0131r\u0131r. Her \u015fey tek bir soruyla ba\u015flad\u0131. \u201cReklama para harc\u0131yorum ama ger\u00e7ekten kazan\u0131yor muyum?\u201d Raporlar vard\u0131. Grafikler vard\u0131. Ajans sunumlar\u0131 [&hellip;]<\/p>\n","protected":false},"author":1,"featured_media":0,"parent":0,"menu_order":0,"comment_status":"closed","ping_status":"closed","template":"elementor_header_footer","meta":{"inline_featured_image":false,"footnotes":""},"class_list":["post-1985","page","type-page","status-publish","hentry"],"yoast_head":"<!-- This site is optimized with the Yoast SEO plugin v27.4 - https:\/\/yoast.com\/product\/yoast-seo-wordpress\/ -->\n<title>Hakk\u0131m\u0131zda \u2013 hyWick Kimdir? | hyWick<\/title>\n<meta name=\"description\" content=\"hyWick, i\u015fletmelerin reklam, sosyal medya ve sat\u0131\u015f verilerini tek platformda y\u00f6netmesini sa\u011flayan T\u00fcrk SaaS giri\u015fimidir. Hikayemizi ke\u015ffedin.\" \/>\n<meta name=\"robots\" content=\"index, follow, max-snippet:-1, max-image-preview:large, max-video-preview:-1\" \/>\n<link rel=\"canonical\" href=\"https:\/\/hywick.com\/en\/hakkimizda\/\" \/>\n<meta property=\"og:locale\" content=\"en_US\" \/>\n<meta property=\"og:type\" content=\"article\" \/>\n<meta property=\"og:title\" content=\"Hakk\u0131m\u0131zda \u2013 hyWick Kimdir? | hyWick\" \/>\n<meta property=\"og:description\" content=\"hyWick, i\u015fletmelerin reklam, sosyal medya ve sat\u0131\u015f verilerini tek platformda y\u00f6netmesini sa\u011flayan T\u00fcrk SaaS giri\u015fimidir. Hikayemizi ke\u015ffedin.\" \/>\n<meta property=\"og:url\" content=\"https:\/\/hywick.com\/en\/hakkimizda\/\" \/>\n<meta property=\"og:site_name\" content=\"hywick.com\" \/>\n<meta property=\"article:modified_time\" content=\"2026-03-11T20:34:50+00:00\" \/>\n<meta property=\"og:image\" content=\"https:\/\/hywick.com\/wp-content\/uploads\/2026\/03\/img-1.webp\" \/>\n<meta name=\"twitter:card\" content=\"summary_large_image\" \/>\n<meta name=\"twitter:site\" content=\"@hywick_ai\" \/>\n<meta name=\"twitter:label1\" content=\"Est. reading time\" \/>\n\t<meta name=\"twitter:data1\" content=\"2 minutes\" \/>\n<script type=\"application\/ld+json\" class=\"yoast-schema-graph\">{\"@context\":\"https:\\\/\\\/schema.org\",\"@graph\":[{\"@type\":\"WebPage\",\"@id\":\"https:\\\/\\\/hywick.com\\\/hakkimizda\\\/\",\"url\":\"https:\\\/\\\/hywick.com\\\/hakkimizda\\\/\",\"name\":\"Hakk\u0131m\u0131zda \u2013 hyWick Kimdir? | hyWick\",\"isPartOf\":{\"@id\":\"https:\\\/\\\/hywick.com\\\/#website\"},\"primaryImageOfPage\":{\"@id\":\"https:\\\/\\\/hywick.com\\\/hakkimizda\\\/#primaryimage\"},\"image\":{\"@id\":\"https:\\\/\\\/hywick.com\\\/hakkimizda\\\/#primaryimage\"},\"thumbnailUrl\":\"https:\\\/\\\/hywick.com\\\/wp-content\\\/uploads\\\/2026\\\/03\\\/img-1.webp\",\"datePublished\":\"2025-10-01T08:56:13+00:00\",\"dateModified\":\"2026-03-11T20:34:50+00:00\",\"description\":\"hyWick, i\u015fletmelerin reklam, sosyal medya ve sat\u0131\u015f verilerini tek platformda y\u00f6netmesini sa\u011flayan T\u00fcrk SaaS giri\u015fimidir. Hikayemizi ke\u015ffedin.\",\"breadcrumb\":{\"@id\":\"https:\\\/\\\/hywick.com\\\/hakkimizda\\\/#breadcrumb\"},\"inLanguage\":\"en-US\",\"potentialAction\":[{\"@type\":\"ReadAction\",\"target\":[\"https:\\\/\\\/hywick.com\\\/hakkimizda\\\/\"]}]},{\"@type\":\"ImageObject\",\"inLanguage\":\"en-US\",\"@id\":\"https:\\\/\\\/hywick.com\\\/hakkimizda\\\/#primaryimage\",\"url\":\"https:\\\/\\\/hywick.com\\\/wp-content\\\/uploads\\\/2026\\\/03\\\/img-1.webp\",\"contentUrl\":\"https:\\\/\\\/hywick.com\\\/wp-content\\\/uploads\\\/2026\\\/03\\\/img-1.webp\"},{\"@type\":\"BreadcrumbList\",\"@id\":\"https:\\\/\\\/hywick.com\\\/hakkimizda\\\/#breadcrumb\",\"itemListElement\":[{\"@type\":\"ListItem\",\"position\":1,\"name\":\"Home\",\"item\":\"https:\\\/\\\/hywick.com\\\/\"},{\"@type\":\"ListItem\",\"position\":2,\"name\":\"Hakk\u0131m\u0131zda\"}]},{\"@type\":\"WebSite\",\"@id\":\"https:\\\/\\\/hywick.com\\\/#website\",\"url\":\"https:\\\/\\\/hywick.com\\\/\",\"name\":\"hywick.com\",\"description\":\"The Decision Layer of Your Business\",\"publisher\":{\"@id\":\"https:\\\/\\\/hywick.com\\\/#organization\"},\"potentialAction\":[{\"@type\":\"SearchAction\",\"target\":{\"@type\":\"EntryPoint\",\"urlTemplate\":\"https:\\\/\\\/hywick.com\\\/?s={search_term_string}\"},\"query-input\":{\"@type\":\"PropertyValueSpecification\",\"valueRequired\":true,\"valueName\":\"search_term_string\"}}],\"inLanguage\":\"en-US\"},{\"@type\":\"Organization\",\"@id\":\"https:\\\/\\\/hywick.com\\\/#organization\",\"name\":\"hywick.com\",\"url\":\"https:\\\/\\\/hywick.com\\\/\",\"logo\":{\"@type\":\"ImageObject\",\"inLanguage\":\"en-US\",\"@id\":\"https:\\\/\\\/hywick.com\\\/#\\\/schema\\\/logo\\\/image\\\/\",\"url\":\"https:\\\/\\\/hywick.com\\\/wp-content\\\/uploads\\\/2026\\\/02\\\/hywicklogoboyut-01.webp\",\"contentUrl\":\"https:\\\/\\\/hywick.com\\\/wp-content\\\/uploads\\\/2026\\\/02\\\/hywicklogoboyut-01.webp\",\"width\":1042,\"height\":417,\"caption\":\"hywick.com\"},\"image\":{\"@id\":\"https:\\\/\\\/hywick.com\\\/#\\\/schema\\\/logo\\\/image\\\/\"},\"sameAs\":[\"https:\\\/\\\/x.com\\\/hywick_ai\",\"https:\\\/\\\/www.linkedin.com\\\/company\\\/hywick\",\"https:\\\/\\\/www.instagram.com\\\/hywick.ai\\\/\"]}]}<\/script>\n<!-- \/ Yoast SEO plugin. -->","yoast_head_json":{"title":"Hakk\u0131m\u0131zda \u2013 hyWick Kimdir? | hyWick","description":"hyWick, i\u015fletmelerin reklam, sosyal medya ve sat\u0131\u015f verilerini tek platformda y\u00f6netmesini sa\u011flayan T\u00fcrk SaaS giri\u015fimidir. Hikayemizi ke\u015ffedin.","robots":{"index":"index","follow":"follow","max-snippet":"max-snippet:-1","max-image-preview":"max-image-preview:large","max-video-preview":"max-video-preview:-1"},"canonical":"https:\/\/hywick.com\/en\/hakkimizda\/","og_locale":"en_US","og_type":"article","og_title":"Hakk\u0131m\u0131zda \u2013 hyWick Kimdir? | hyWick","og_description":"hyWick, i\u015fletmelerin reklam, sosyal medya ve sat\u0131\u015f verilerini tek platformda y\u00f6netmesini sa\u011flayan T\u00fcrk SaaS giri\u015fimidir. Hikayemizi ke\u015ffedin.","og_url":"https:\/\/hywick.com\/en\/hakkimizda\/","og_site_name":"hywick.com","article_modified_time":"2026-03-11T20:34:50+00:00","og_image":[{"url":"https:\/\/hywick.com\/wp-content\/uploads\/2026\/03\/img-1.webp","type":"","width":"","height":""}],"twitter_card":"summary_large_image","twitter_site":"@hywick_ai","twitter_misc":{"Est. reading time":"2 minutes"},"schema":{"@context":"https:\/\/schema.org","@graph":[{"@type":"WebPage","@id":"https:\/\/hywick.com\/hakkimizda\/","url":"https:\/\/hywick.com\/hakkimizda\/","name":"Hakk\u0131m\u0131zda \u2013 hyWick Kimdir? | hyWick","isPartOf":{"@id":"https:\/\/hywick.com\/#website"},"primaryImageOfPage":{"@id":"https:\/\/hywick.com\/hakkimizda\/#primaryimage"},"image":{"@id":"https:\/\/hywick.com\/hakkimizda\/#primaryimage"},"thumbnailUrl":"https:\/\/hywick.com\/wp-content\/uploads\/2026\/03\/img-1.webp","datePublished":"2025-10-01T08:56:13+00:00","dateModified":"2026-03-11T20:34:50+00:00","description":"hyWick, i\u015fletmelerin reklam, sosyal medya ve sat\u0131\u015f verilerini tek platformda y\u00f6netmesini sa\u011flayan T\u00fcrk SaaS giri\u015fimidir. Hikayemizi ke\u015ffedin.","breadcrumb":{"@id":"https:\/\/hywick.com\/hakkimizda\/#breadcrumb"},"inLanguage":"en-US","potentialAction":[{"@type":"ReadAction","target":["https:\/\/hywick.com\/hakkimizda\/"]}]},{"@type":"ImageObject","inLanguage":"en-US","@id":"https:\/\/hywick.com\/hakkimizda\/#primaryimage","url":"https:\/\/hywick.com\/wp-content\/uploads\/2026\/03\/img-1.webp","contentUrl":"https:\/\/hywick.com\/wp-content\/uploads\/2026\/03\/img-1.webp"},{"@type":"BreadcrumbList","@id":"https:\/\/hywick.com\/hakkimizda\/#breadcrumb","itemListElement":[{"@type":"ListItem","position":1,"name":"Home","item":"https:\/\/hywick.com\/"},{"@type":"ListItem","position":2,"name":"Hakk\u0131m\u0131zda"}]},{"@type":"WebSite","@id":"https:\/\/hywick.com\/#website","url":"https:\/\/hywick.com\/","name":"hywick.com","description":"The Decision Layer of Your Business","publisher":{"@id":"https:\/\/hywick.com\/#organization"},"potentialAction":[{"@type":"SearchAction","target":{"@type":"EntryPoint","urlTemplate":"https:\/\/hywick.com\/?s={search_term_string}"},"query-input":{"@type":"PropertyValueSpecification","valueRequired":true,"valueName":"search_term_string"}}],"inLanguage":"en-US"},{"@type":"Organization","@id":"https:\/\/hywick.com\/#organization","name":"hywick.com","url":"https:\/\/hywick.com\/","logo":{"@type":"ImageObject","inLanguage":"en-US","@id":"https:\/\/hywick.com\/#\/schema\/logo\/image\/","url":"https:\/\/hywick.com\/wp-content\/uploads\/2026\/02\/hywicklogoboyut-01.webp","contentUrl":"https:\/\/hywick.com\/wp-content\/uploads\/2026\/02\/hywicklogoboyut-01.webp","width":1042,"height":417,"caption":"hywick.com"},"image":{"@id":"https:\/\/hywick.com\/#\/schema\/logo\/image\/"},"sameAs":["https:\/\/x.com\/hywick_ai","https:\/\/www.linkedin.com\/company\/hywick","https:\/\/www.instagram.com\/hywick.ai\/"]}]}},"_hostinger_reach_plugin_has_subscription_block":false,"_hostinger_reach_plugin_is_elementor":false,"_links":{"self":[{"href":"https:\/\/hywick.com\/en\/wp-json\/wp\/v2\/pages\/1985","targetHints":{"allow":["GET"]}}],"collection":[{"href":"https:\/\/hywick.com\/en\/wp-json\/wp\/v2\/pages"}],"about":[{"href":"https:\/\/hywick.com\/en\/wp-json\/wp\/v2\/types\/page"}],"author":[{"embeddable":true,"href":"https:\/\/hywick.com\/en\/wp-json\/wp\/v2\/users\/1"}],"replies":[{"embeddable":true,"href":"https:\/\/hywick.com\/en\/wp-json\/wp\/v2\/comments?post=1985"}],"version-history":[{"count":32,"href":"https:\/\/hywick.com\/en\/wp-json\/wp\/v2\/pages\/1985\/revisions"}],"predecessor-version":[{"id":3678,"href":"https:\/\/hywick.com\/en\/wp-json\/wp\/v2\/pages\/1985\/revisions\/3678"}],"wp:attachment":[{"href":"https:\/\/hywick.com\/en\/wp-json\/wp\/v2\/media?parent=1985"}],"curies":[{"name":"wp","href":"https:\/\/api.w.org\/{rel}","templated":true}]}}