{"id":1993,"date":"2025-10-01T08:56:43","date_gmt":"2025-10-01T08:56:43","guid":{"rendered":"https:\/\/themexriver.com\/wp\/sassriver\/?page_id=1993"},"modified":"2026-03-11T20:44:37","modified_gmt":"2026-03-11T20:44:37","slug":"iletisim","status":"publish","type":"page","link":"https:\/\/hywick.com\/en\/iletisim\/","title":{"rendered":"Contact Us"},"content":{"rendered":"<div data-elementor-type=\"wp-page\" data-elementor-id=\"1993\" class=\"elementor elementor-1993\" data-elementor-post-type=\"page\">\n\t\t\t\t<div class=\"elementor-element elementor-element-ea86dec e-flex e-con-boxed e-con e-parent\" data-id=\"ea86dec\" data-element_type=\"container\" data-e-type=\"container\">\n\t\t\t\t\t<div class=\"e-con-inner\">\n\t\t<div class=\"elementor-element elementor-element-101eaf7 e-con-full e-flex e-con e-child\" data-id=\"101eaf7\" data-element_type=\"container\" data-e-type=\"container\" data-settings=\"{&quot;background_background&quot;:&quot;classic&quot;}\">\n\t\t\t\t<div class=\"elementor-element elementor-element-be2a4e2 elementor-widget elementor-widget-tx_heading elh-el tx_heading\" data-id=\"be2a4e2\" data-element_type=\"widget\" data-e-type=\"widget\" data-settings=\"{&quot;design_style&quot;:&quot;style_1&quot;}\" data-widget_type=\"tx_heading.default\">\n\t\t\t\t<div class=\"elementor-widget-container\">\n\t\t\t\t\t<div class=\"tx-heading-section text-center\">\r\n        <h5 class=\"sr-subtitle-1\">\r\n                <span class=\"icon subtitle_1_icon\">\r\n            <img decoding=\"async\" src=\"https:\/\/themexriver.com\/wp\/sassriver\/wp-content\/uploads\/2025\/10\/subtitle-1-icon.svg\" alt=\"\u0130leti\u015fim\">\r\n        <\/span>\r\n                        <span class=\"text subtitle_1_text tx-subTitle\">Contact Us<\/span>\r\n            <\/h5>\r\n        <h2 class=\"tx-title sr-sec-title-1 sec_title_2\">Let's Clarify Your Data Together<\/h2>        <p class=\"sr-p-1 sec-disc wow fadeInUp2 tx-description\" data-wow-delay=\".1s\">\r\n        Let's Talk About How You Can Apply hyWick to Your Business    <\/p>\r\n    <\/div>\t\t\t\t<\/div>\n\t\t\t\t<\/div>\n\t\t\t\t<div class=\"elementor-element elementor-element-607fcf9 elementor-widget elementor-widget-shortcode\" data-id=\"607fcf9\" data-element_type=\"widget\" data-e-type=\"widget\" data-widget_type=\"shortcode.default\">\n\t\t\t\t\t\t\t<div class=\"elementor-shortcode\">\n<div class=\"wpcf7 no-js\" id=\"wpcf7-f2992-o1\" lang=\"en-US\" dir=\"ltr\" data-wpcf7-id=\"2992\">\n<div class=\"screen-reader-response\"><p role=\"status\" aria-live=\"polite\" aria-atomic=\"true\"><\/p> <ul><\/ul><\/div>\n<form action=\"\/en\/wp-json\/wp\/v2\/pages\/1993#wpcf7-f2992-o1\" method=\"post\" class=\"wpcf7-form init\" aria-label=\"Contact form\" novalidate=\"novalidate\" data-status=\"init\" data-trp-original-action=\"\/en\/wp-json\/wp\/v2\/pages\/1993#wpcf7-f2992-o1\">\n<fieldset class=\"hidden-fields-container\"><input type=\"hidden\" name=\"_wpcf7\" value=\"2992\" \/><input type=\"hidden\" name=\"_wpcf7_version\" value=\"6.1.5\" \/><input type=\"hidden\" name=\"_wpcf7_locale\" value=\"en_US\" \/><input type=\"hidden\" name=\"_wpcf7_unit_tag\" value=\"wpcf7-f2992-o1\" \/><input type=\"hidden\" name=\"_wpcf7_container_post\" value=\"0\" \/><input type=\"hidden\" name=\"_wpcf7_posted_data_hash\" value=\"\" \/>\n<\/fieldset>\n<div class=\"tx-contactPage\">\n<div class=\"row\">\n    <div class=\"col-lg-6 col-md-12\">\n        <span class=\"wpcf7-form-control-wrap\" data-name=\"text-297\"><input size=\"40\" maxlength=\"400\" class=\"wpcf7-form-control wpcf7-text wpcf7-validates-as-required\" aria-required=\"true\" aria-invalid=\"false\" placeholder=\"Name and Surname\" value=\"\" type=\"text\" name=\"text-297\" \/><\/span>\n    <\/div>\n    <div class=\"col-lg-6 col-md-12\">\n        <span class=\"wpcf7-form-control-wrap\" data-name=\"tel-704\"><input size=\"40\" maxlength=\"400\" class=\"wpcf7-form-control wpcf7-tel wpcf7-validates-as-required wpcf7-text wpcf7-validates-as-tel\" aria-required=\"true\" aria-invalid=\"false\" placeholder=\"Phone\" value=\"\" type=\"tel\" name=\"tel-704\" \/><\/span>\n    <\/div>\n    <div class=\"col-lg-6 col-md-12\">\n        <span class=\"wpcf7-form-control-wrap\" data-name=\"email-283\"><input size=\"40\" maxlength=\"400\" class=\"wpcf7-form-control wpcf7-email wpcf7-validates-as-required wpcf7-text wpcf7-validates-as-email\" aria-required=\"true\" aria-invalid=\"false\" placeholder=\"E-mail\" value=\"\" type=\"email\" name=\"email-283\" \/><\/span>\n    <\/div>\n    <div class=\"col-lg-6 col-md-12\">\n        <span class=\"wpcf7-form-control-wrap\" data-name=\"position-501\"><select class=\"wpcf7-form-control wpcf7-select wpcf7-validates-as-required\" aria-required=\"true\" aria-invalid=\"false\" name=\"position-501\"><option value=\"Partner Olmak \u0130stiyorum\">I Want to Become a Partner<\/option><option value=\"Paketler Hakk\u0131nda Bilgi \u0130stiyorum\">I Want to Learn About the Products<\/option><option value=\"\u00d6neride Bulunmak \u0130stiyorum\">I Want to Make a Suggestion<\/option><option value=\"\u015eikayette Bulunmak \u0130stiyorum\">I Want to Make a Complaint<\/option><option value=\"Teknik Destek Almak \u0130stiyorum\">I Want to Get Technical Support<\/option><option value=\"Yazmak \u0130stiyorum\">I Want to Write<\/option><\/select><\/span>\n    <\/div>\n    <div class=\"col-lg-12 col-md-12\">\n        <span class=\"wpcf7-form-control-wrap\" data-name=\"textarea-216\"><textarea cols=\"40\" rows=\"10\" maxlength=\"2000\" class=\"wpcf7-form-control wpcf7-textarea wpcf7-validates-as-required\" aria-required=\"true\" aria-invalid=\"false\" placeholder=\"Message\" name=\"textarea-216\"><\/textarea><\/span>\n    <\/div>\n    <div class=\"col-lg-12 col-md-12\">\n        <div class=\"btn-wrap txt-btn-m\">\n            <button class=\"sr-pr-btn-1 btn_split_1 wow fadeInRight2\" type=\"submit\">\n<span class=\"text\">Send Form<\/span>\n                                <span class=\"icon\">\n                                    <i class=\"ph ph-caret-double-right\"><\/i>\n                                    <i class=\"ph ph-caret-double-right\"><\/i>\n                                <\/span>\n            <\/button>\n        <\/div>\n    <\/div>\n<\/div>\n<\/div><div class=\"wpcf7-response-output\" aria-hidden=\"true\"><\/div>\n<input type=\"hidden\" name=\"trp-form-language\" value=\"en\"\/><\/form>\n<\/div>\n<\/div>\n\t\t\t\t\t\t<\/div>\n\t\t\t\t<\/div>\n\t\t\t\t\t<\/div>\n\t\t\t\t<\/div>\n\t\t\t\t<\/div>","protected":false},"excerpt":{"rendered":"<p>\u0130leti\u015fim Verilerinizi Birlikte Netle\u015ftirelim hyWick\u2019i \u0130\u015finize Nas\u0131l Uygulayabilece\u011finizi Konu\u015fal\u0131m<\/p>","protected":false},"author":1,"featured_media":3518,"parent":0,"menu_order":0,"comment_status":"closed","ping_status":"closed","template":"elementor_header_footer","meta":{"inline_featured_image":false,"footnotes":""},"class_list":["post-1993","page","type-page","status-publish","has-post-thumbnail","hentry"],"yoast_head":"<!-- This site is optimized with the Yoast SEO plugin v27.4 - https:\/\/yoast.com\/product\/yoast-seo-wordpress\/ -->\n<title>\u0130leti\u015fim \u2013 Sizi Arayal\u0131m | hyWick<\/title>\n<meta name=\"description\" content=\"hyWick ekibiyle ileti\u015fime ge\u00e7in. Demo talep edin, sorular\u0131n\u0131z\u0131 sorun veya 7 g\u00fcnl\u00fck \u00fccretsiz deneme ba\u015flat\u0131n. Size en k\u0131sa s\u00fcrede d\u00f6nelim.\" \/>\n<meta name=\"robots\" content=\"index, follow, max-snippet:-1, max-image-preview:large, max-video-preview:-1\" \/>\n<link rel=\"canonical\" href=\"https:\/\/hywick.com\/en\/iletisim\/\" \/>\n<meta property=\"og:locale\" content=\"en_US\" \/>\n<meta property=\"og:type\" content=\"article\" \/>\n<meta property=\"og:title\" content=\"\u0130leti\u015fim \u2013 Sizi Arayal\u0131m | hyWick\" \/>\n<meta property=\"og:description\" content=\"hyWick ekibiyle ileti\u015fime ge\u00e7in. Demo talep edin, sorular\u0131n\u0131z\u0131 sorun veya 7 g\u00fcnl\u00fck \u00fccretsiz deneme ba\u015flat\u0131n. Size en k\u0131sa s\u00fcrede d\u00f6nelim.\" \/>\n<meta property=\"og:url\" content=\"https:\/\/hywick.com\/en\/iletisim\/\" \/>\n<meta property=\"og:site_name\" content=\"hywick.com\" \/>\n<meta property=\"article:modified_time\" content=\"2026-03-11T20:44:37+00:00\" \/>\n<meta property=\"og:image\" content=\"https:\/\/hywick.com\/wp-content\/uploads\/2026\/02\/cropped-icon-logo.png\" \/>\n\t<meta property=\"og:image:width\" content=\"512\" \/>\n\t<meta property=\"og:image:height\" content=\"512\" \/>\n\t<meta property=\"og:image:type\" content=\"image\/png\" \/>\n<meta name=\"twitter:card\" content=\"summary_large_image\" \/>\n<meta name=\"twitter:site\" content=\"@hywick_ai\" \/>\n<meta name=\"twitter:label1\" content=\"Est. reading time\" \/>\n\t<meta name=\"twitter:data1\" content=\"1 minute\" \/>\n<script type=\"application\/ld+json\" class=\"yoast-schema-graph\">{\"@context\":\"https:\\\/\\\/schema.org\",\"@graph\":[{\"@type\":\"WebPage\",\"@id\":\"https:\\\/\\\/hywick.com\\\/iletisim\\\/\",\"url\":\"https:\\\/\\\/hywick.com\\\/iletisim\\\/\",\"name\":\"\u0130leti\u015fim \u2013 Sizi Arayal\u0131m | hyWick\",\"isPartOf\":{\"@id\":\"https:\\\/\\\/hywick.com\\\/#website\"},\"primaryImageOfPage\":{\"@id\":\"https:\\\/\\\/hywick.com\\\/iletisim\\\/#primaryimage\"},\"image\":{\"@id\":\"https:\\\/\\\/hywick.com\\\/iletisim\\\/#primaryimage\"},\"thumbnailUrl\":\"https:\\\/\\\/hywick.com\\\/wp-content\\\/uploads\\\/2026\\\/02\\\/cropped-icon-logo.png\",\"datePublished\":\"2025-10-01T08:56:43+00:00\",\"dateModified\":\"2026-03-11T20:44:37+00:00\",\"description\":\"hyWick ekibiyle ileti\u015fime ge\u00e7in. Demo talep edin, sorular\u0131n\u0131z\u0131 sorun veya 7 g\u00fcnl\u00fck \u00fccretsiz deneme ba\u015flat\u0131n. Size en k\u0131sa s\u00fcrede d\u00f6nelim.\",\"breadcrumb\":{\"@id\":\"https:\\\/\\\/hywick.com\\\/iletisim\\\/#breadcrumb\"},\"inLanguage\":\"en-US\",\"potentialAction\":[{\"@type\":\"ReadAction\",\"target\":[\"https:\\\/\\\/hywick.com\\\/iletisim\\\/\"]}]},{\"@type\":\"ImageObject\",\"inLanguage\":\"en-US\",\"@id\":\"https:\\\/\\\/hywick.com\\\/iletisim\\\/#primaryimage\",\"url\":\"https:\\\/\\\/hywick.com\\\/wp-content\\\/uploads\\\/2026\\\/02\\\/cropped-icon-logo.png\",\"contentUrl\":\"https:\\\/\\\/hywick.com\\\/wp-content\\\/uploads\\\/2026\\\/02\\\/cropped-icon-logo.png\",\"width\":512,\"height\":512},{\"@type\":\"BreadcrumbList\",\"@id\":\"https:\\\/\\\/hywick.com\\\/iletisim\\\/#breadcrumb\",\"itemListElement\":[{\"@type\":\"ListItem\",\"position\":1,\"name\":\"Home\",\"item\":\"https:\\\/\\\/hywick.com\\\/\"},{\"@type\":\"ListItem\",\"position\":2,\"name\":\"\u0130leti\u015fim\"}]},{\"@type\":\"WebSite\",\"@id\":\"https:\\\/\\\/hywick.com\\\/#website\",\"url\":\"https:\\\/\\\/hywick.com\\\/\",\"name\":\"hywick.com\",\"description\":\"The Decision Layer of Your Business\",\"publisher\":{\"@id\":\"https:\\\/\\\/hywick.com\\\/#organization\"},\"potentialAction\":[{\"@type\":\"SearchAction\",\"target\":{\"@type\":\"EntryPoint\",\"urlTemplate\":\"https:\\\/\\\/hywick.com\\\/?s={search_term_string}\"},\"query-input\":{\"@type\":\"PropertyValueSpecification\",\"valueRequired\":true,\"valueName\":\"search_term_string\"}}],\"inLanguage\":\"en-US\"},{\"@type\":\"Organization\",\"@id\":\"https:\\\/\\\/hywick.com\\\/#organization\",\"name\":\"hywick.com\",\"url\":\"https:\\\/\\\/hywick.com\\\/\",\"logo\":{\"@type\":\"ImageObject\",\"inLanguage\":\"en-US\",\"@id\":\"https:\\\/\\\/hywick.com\\\/#\\\/schema\\\/logo\\\/image\\\/\",\"url\":\"https:\\\/\\\/hywick.com\\\/wp-content\\\/uploads\\\/2026\\\/02\\\/hywicklogoboyut-01.webp\",\"contentUrl\":\"https:\\\/\\\/hywick.com\\\/wp-content\\\/uploads\\\/2026\\\/02\\\/hywicklogoboyut-01.webp\",\"width\":1042,\"height\":417,\"caption\":\"hywick.com\"},\"image\":{\"@id\":\"https:\\\/\\\/hywick.com\\\/#\\\/schema\\\/logo\\\/image\\\/\"},\"sameAs\":[\"https:\\\/\\\/x.com\\\/hywick_ai\",\"https:\\\/\\\/www.linkedin.com\\\/company\\\/hywick\",\"https:\\\/\\\/www.instagram.com\\\/hywick.ai\\\/\"]}]}<\/script>\n<!-- \/ Yoast SEO plugin. -->","yoast_head_json":{"title":"\u0130leti\u015fim \u2013 Sizi Arayal\u0131m | hyWick","description":"hyWick ekibiyle ileti\u015fime ge\u00e7in. Demo talep edin, sorular\u0131n\u0131z\u0131 sorun veya 7 g\u00fcnl\u00fck \u00fccretsiz deneme ba\u015flat\u0131n. Size en k\u0131sa s\u00fcrede d\u00f6nelim.","robots":{"index":"index","follow":"follow","max-snippet":"max-snippet:-1","max-image-preview":"max-image-preview:large","max-video-preview":"max-video-preview:-1"},"canonical":"https:\/\/hywick.com\/en\/iletisim\/","og_locale":"en_US","og_type":"article","og_title":"\u0130leti\u015fim \u2013 Sizi Arayal\u0131m | hyWick","og_description":"hyWick ekibiyle ileti\u015fime ge\u00e7in. Demo talep edin, sorular\u0131n\u0131z\u0131 sorun veya 7 g\u00fcnl\u00fck \u00fccretsiz deneme ba\u015flat\u0131n. Size en k\u0131sa s\u00fcrede d\u00f6nelim.","og_url":"https:\/\/hywick.com\/en\/iletisim\/","og_site_name":"hywick.com","article_modified_time":"2026-03-11T20:44:37+00:00","og_image":[{"width":512,"height":512,"url":"https:\/\/hywick.com\/wp-content\/uploads\/2026\/02\/cropped-icon-logo.png","type":"image\/png"}],"twitter_card":"summary_large_image","twitter_site":"@hywick_ai","twitter_misc":{"Est. reading time":"1 minute"},"schema":{"@context":"https:\/\/schema.org","@graph":[{"@type":"WebPage","@id":"https:\/\/hywick.com\/iletisim\/","url":"https:\/\/hywick.com\/iletisim\/","name":"\u0130leti\u015fim \u2013 Sizi Arayal\u0131m | hyWick","isPartOf":{"@id":"https:\/\/hywick.com\/#website"},"primaryImageOfPage":{"@id":"https:\/\/hywick.com\/iletisim\/#primaryimage"},"image":{"@id":"https:\/\/hywick.com\/iletisim\/#primaryimage"},"thumbnailUrl":"https:\/\/hywick.com\/wp-content\/uploads\/2026\/02\/cropped-icon-logo.png","datePublished":"2025-10-01T08:56:43+00:00","dateModified":"2026-03-11T20:44:37+00:00","description":"hyWick ekibiyle ileti\u015fime ge\u00e7in. Demo talep edin, sorular\u0131n\u0131z\u0131 sorun veya 7 g\u00fcnl\u00fck \u00fccretsiz deneme ba\u015flat\u0131n. Size en k\u0131sa s\u00fcrede d\u00f6nelim.","breadcrumb":{"@id":"https:\/\/hywick.com\/iletisim\/#breadcrumb"},"inLanguage":"en-US","potentialAction":[{"@type":"ReadAction","target":["https:\/\/hywick.com\/iletisim\/"]}]},{"@type":"ImageObject","inLanguage":"en-US","@id":"https:\/\/hywick.com\/iletisim\/#primaryimage","url":"https:\/\/hywick.com\/wp-content\/uploads\/2026\/02\/cropped-icon-logo.png","contentUrl":"https:\/\/hywick.com\/wp-content\/uploads\/2026\/02\/cropped-icon-logo.png","width":512,"height":512},{"@type":"BreadcrumbList","@id":"https:\/\/hywick.com\/iletisim\/#breadcrumb","itemListElement":[{"@type":"ListItem","position":1,"name":"Home","item":"https:\/\/hywick.com\/"},{"@type":"ListItem","position":2,"name":"\u0130leti\u015fim"}]},{"@type":"WebSite","@id":"https:\/\/hywick.com\/#website","url":"https:\/\/hywick.com\/","name":"hywick.com","description":"The Decision Layer of Your Business","publisher":{"@id":"https:\/\/hywick.com\/#organization"},"potentialAction":[{"@type":"SearchAction","target":{"@type":"EntryPoint","urlTemplate":"https:\/\/hywick.com\/?s={search_term_string}"},"query-input":{"@type":"PropertyValueSpecification","valueRequired":true,"valueName":"search_term_string"}}],"inLanguage":"en-US"},{"@type":"Organization","@id":"https:\/\/hywick.com\/#organization","name":"hywick.com","url":"https:\/\/hywick.com\/","logo":{"@type":"ImageObject","inLanguage":"en-US","@id":"https:\/\/hywick.com\/#\/schema\/logo\/image\/","url":"https:\/\/hywick.com\/wp-content\/uploads\/2026\/02\/hywicklogoboyut-01.webp","contentUrl":"https:\/\/hywick.com\/wp-content\/uploads\/2026\/02\/hywicklogoboyut-01.webp","width":1042,"height":417,"caption":"hywick.com"},"image":{"@id":"https:\/\/hywick.com\/#\/schema\/logo\/image\/"},"sameAs":["https:\/\/x.com\/hywick_ai","https:\/\/www.linkedin.com\/company\/hywick","https:\/\/www.instagram.com\/hywick.ai\/"]}]}},"_hostinger_reach_plugin_has_subscription_block":false,"_hostinger_reach_plugin_is_elementor":false,"_links":{"self":[{"href":"https:\/\/hywick.com\/en\/wp-json\/wp\/v2\/pages\/1993","targetHints":{"allow":["GET"]}}],"collection":[{"href":"https:\/\/hywick.com\/en\/wp-json\/wp\/v2\/pages"}],"about":[{"href":"https:\/\/hywick.com\/en\/wp-json\/wp\/v2\/types\/page"}],"author":[{"embeddable":true,"href":"https:\/\/hywick.com\/en\/wp-json\/wp\/v2\/users\/1"}],"replies":[{"embeddable":true,"href":"https:\/\/hywick.com\/en\/wp-json\/wp\/v2\/comments?post=1993"}],"version-history":[{"count":6,"href":"https:\/\/hywick.com\/en\/wp-json\/wp\/v2\/pages\/1993\/revisions"}],"predecessor-version":[{"id":3621,"href":"https:\/\/hywick.com\/en\/wp-json\/wp\/v2\/pages\/1993\/revisions\/3621"}],"wp:featuredmedia":[{"embeddable":true,"href":"https:\/\/hywick.com\/en\/wp-json\/wp\/v2\/media\/3518"}],"wp:attachment":[{"href":"https:\/\/hywick.com\/en\/wp-json\/wp\/v2\/media?parent=1993"}],"curies":[{"name":"wp","href":"https:\/\/api.w.org\/{rel}","templated":true}]}}