{"id":3560,"date":"2026-03-02T10:08:51","date_gmt":"2026-03-02T10:08:51","guid":{"rendered":"https:\/\/hywick.com\/?page_id=3560"},"modified":"2026-03-11T20:47:03","modified_gmt":"2026-03-11T20:47:03","slug":"partner","status":"publish","type":"page","link":"https:\/\/hywick.com\/en\/partner\/","title":{"rendered":"Partner"},"content":{"rendered":"<div data-elementor-type=\"wp-page\" data-elementor-id=\"3560\" class=\"elementor elementor-3560\" data-elementor-post-type=\"page\">\n\t\t\t\t<div class=\"elementor-element elementor-element-2c2761a e-con-full e-flex e-con e-parent\" data-id=\"2c2761a\" data-element_type=\"container\" data-e-type=\"container\" data-settings=\"{&quot;background_background&quot;:&quot;classic&quot;}\">\n\t\t<div class=\"elementor-element elementor-element-70a959d e-flex e-con-boxed e-con e-child\" data-id=\"70a959d\" data-element_type=\"container\" data-e-type=\"container\">\n\t\t\t\t\t<div class=\"e-con-inner\">\n\t\t\t\t<div class=\"elementor-element elementor-element-914affe elementor-widget elementor-widget-heading\" data-id=\"914affe\" data-element_type=\"widget\" data-e-type=\"widget\" data-widget_type=\"heading.default\">\n\t\t\t\t\t<h2 class=\"elementor-heading-title elementor-size-default\">hyWick Partner Program<\/h2>\t\t\t\t<\/div>\n\t\t\t\t<div class=\"elementor-element elementor-element-f02d4bc elementor-widget elementor-widget-text-editor\" data-id=\"f02d4bc\" data-element_type=\"widget\" data-e-type=\"widget\" data-widget_type=\"text-editor.default\">\n\t\t\t\t\t\t\t\t\t<p class=\"p1\">With the hyWick Partner Program, offer your clients not just reports, but analysis and AI-powered insights. Create stronger reports, higher client satisfaction and new revenue opportunities.<\/p>\t\t\t\t\t\t\t\t<\/div>\n\t\t\t\t\t<\/div>\n\t\t\t\t<\/div>\n\t\t<div class=\"elementor-element elementor-element-b68c221 e-flex e-con-boxed e-con e-child\" data-id=\"b68c221\" data-element_type=\"container\" data-e-type=\"container\">\n\t\t\t\t\t<div class=\"e-con-inner\">\n\t\t\t\t<div class=\"elementor-element elementor-element-5fe66a3 elementor-widget elementor-widget-image\" data-id=\"5fe66a3\" data-element_type=\"widget\" data-e-type=\"widget\" data-widget_type=\"image.default\">\n\t\t\t\t\t\t\t\t\t\t\t\t\t\t\t<img fetchpriority=\"high\" decoding=\"async\" width=\"2560\" height=\"2560\" src=\"https:\/\/hywick.com\/wp-content\/uploads\/2026\/03\/img-4-scaled.webp\" class=\"attachment-full size-full wp-image-3679\" alt=\"\" srcset=\"https:\/\/hywick.com\/wp-content\/uploads\/2026\/03\/img-4-scaled.webp 2560w, https:\/\/hywick.com\/wp-content\/uploads\/2026\/03\/img-4-300x300.webp 300w, https:\/\/hywick.com\/wp-content\/uploads\/2026\/03\/img-4-1024x1024.webp 1024w, https:\/\/hywick.com\/wp-content\/uploads\/2026\/03\/img-4-150x150.webp 150w, https:\/\/hywick.com\/wp-content\/uploads\/2026\/03\/img-4-768x768.webp 768w, https:\/\/hywick.com\/wp-content\/uploads\/2026\/03\/img-4-1536x1536.webp 1536w, https:\/\/hywick.com\/wp-content\/uploads\/2026\/03\/img-4-2048x2048.webp 2048w, https:\/\/hywick.com\/wp-content\/uploads\/2026\/03\/img-4-600x600.webp 600w, https:\/\/hywick.com\/wp-content\/uploads\/2026\/03\/img-4-100x100.webp 100w\" sizes=\"(max-width: 2560px) 100vw, 2560px\" \/>\t\t\t\t\t\t\t\t\t\t\t\t\t\t\t<\/div>\n\t\t\t\t\t<\/div>\n\t\t\t\t<\/div>\n\t\t\t\t<\/div>\n\t\t<div class=\"elementor-element elementor-element-5d19dfd e-con-full e-flex e-con e-parent\" data-id=\"5d19dfd\" data-element_type=\"container\" data-e-type=\"container\" data-settings=\"{&quot;background_background&quot;:&quot;classic&quot;}\">\n\t\t<div class=\"elementor-element elementor-element-c813cf6 e-flex e-con-boxed e-con e-child\" data-id=\"c813cf6\" data-element_type=\"container\" data-e-type=\"container\">\n\t\t\t\t\t<div class=\"e-con-inner\">\n\t\t\t\t<div class=\"elementor-element elementor-element-7100588 elementor-widget elementor-widget-heading\" data-id=\"7100588\" data-element_type=\"widget\" data-e-type=\"widget\" data-widget_type=\"heading.default\">\n\t\t\t\t\t<h2 class=\"elementor-heading-title elementor-size-default\">Advantages of the hyWick Partner Program\n<\/h2>\t\t\t\t<\/div>\n\t\t\t\t\t<\/div>\n\t\t\t\t<\/div>\n\t\t<div class=\"elementor-element elementor-element-11aa808 e-flex e-con-boxed e-con e-child\" data-id=\"11aa808\" data-element_type=\"container\" data-e-type=\"container\" data-settings=\"{&quot;background_background&quot;:&quot;classic&quot;}\">\n\t\t\t\t\t<div class=\"e-con-inner\">\n\t\t\t\t<div class=\"elementor-element elementor-element-05d255b elementor-view-default elementor-position-block-start elementor-mobile-position-block-start elementor-widget elementor-widget-icon-box\" data-id=\"05d255b\" data-element_type=\"widget\" data-e-type=\"widget\" data-widget_type=\"icon-box.default\">\n\t\t\t\t\t\t\t<div class=\"elementor-icon-box-wrapper\">\n\n\t\t\t\t\t\t<div class=\"elementor-icon-box-icon\">\n\t\t\t\t<span  class=\"elementor-icon\">\n\t\t\t\t<i aria-hidden=\"true\" class=\"ph ph-align-left\"><\/i>\t\t\t\t<\/span>\n\t\t\t<\/div>\n\t\t\t\n\t\t\t\t\t\t<div class=\"elementor-icon-box-content\">\n\n\t\t\t\t\t\t\t\t\t<h3 class=\"elementor-icon-box-title\">\n\t\t\t\t\t\t<span  >\n\t\t\t\t\t\t\tA New and Sustainable Revenue Model\t\t\t\t\t\t<\/span>\n\t\t\t\t\t<\/h3>\n\t\t\t\t\n\t\t\t\t\t\t\t\t\t<p class=\"elementor-icon-box-description\">\n\t\t\t\t\t\tGenerate recurring revenue per client and make your agency services higher value-added.\n\t\t\t\t\t<\/p>\n\t\t\t\t\n\t\t\t<\/div>\n\t\t\t\n\t\t<\/div>\n\t\t\t\t\t\t<\/div>\n\t\t\t\t<div class=\"elementor-element elementor-element-bf6e20b elementor-view-default elementor-position-block-start elementor-mobile-position-block-start elementor-widget elementor-widget-icon-box\" data-id=\"bf6e20b\" data-element_type=\"widget\" data-e-type=\"widget\" data-widget_type=\"icon-box.default\">\n\t\t\t\t\t\t\t<div class=\"elementor-icon-box-wrapper\">\n\n\t\t\t\t\t\t<div class=\"elementor-icon-box-icon\">\n\t\t\t\t<span  class=\"elementor-icon\">\n\t\t\t\t<i aria-hidden=\"true\" class=\"ph ph-align-left\"><\/i>\t\t\t\t<\/span>\n\t\t\t<\/div>\n\t\t\t\n\t\t\t\t\t\t<div class=\"elementor-icon-box-content\">\n\n\t\t\t\t\t\t\t\t\t<h3 class=\"elementor-icon-box-title\">\n\t\t\t\t\t\t<span  >\n\t\t\t\t\t\t\tThe Power of Analysis and Insight\t\t\t\t\t\t<\/span>\n\t\t\t\t\t<\/h3>\n\t\t\t\t\n\t\t\t\t\t\t\t\t\t<p class=\"elementor-icon-box-description\">\n\t\t\t\t\t\tOffer your clients not just reports, but AI-powered analysis and decision recommendations.\n\t\t\t\t\t<\/p>\n\t\t\t\t\n\t\t\t<\/div>\n\t\t\t\n\t\t<\/div>\n\t\t\t\t\t\t<\/div>\n\t\t\t\t<div class=\"elementor-element elementor-element-629ab07 elementor-view-default elementor-position-block-start elementor-mobile-position-block-start elementor-widget elementor-widget-icon-box\" data-id=\"629ab07\" data-element_type=\"widget\" data-e-type=\"widget\" data-widget_type=\"icon-box.default\">\n\t\t\t\t\t\t\t<div class=\"elementor-icon-box-wrapper\">\n\n\t\t\t\t\t\t<div class=\"elementor-icon-box-icon\">\n\t\t\t\t<span  class=\"elementor-icon\">\n\t\t\t\t<i aria-hidden=\"true\" class=\"ph ph-align-left\"><\/i>\t\t\t\t<\/span>\n\t\t\t<\/div>\n\t\t\t\n\t\t\t\t\t\t<div class=\"elementor-icon-box-content\">\n\n\t\t\t\t\t\t\t\t\t<h3 class=\"elementor-icon-box-title\">\n\t\t\t\t\t\t<span  >\n\t\t\t\t\t\t\tStrategic Positioning\t\t\t\t\t\t<\/span>\n\t\t\t\t\t<\/h3>\n\t\t\t\t\n\t\t\t\t\t\t\t\t\t<p class=\"elementor-icon-box-description\">\n\t\t\t\t\t\tAgencies working with hyWick are positioned not as data readers, but as decision managers.\n\t\t\t\t\t<\/p>\n\t\t\t\t\n\t\t\t<\/div>\n\t\t\t\n\t\t<\/div>\n\t\t\t\t\t\t<\/div>\n\t\t\t\t\t<\/div>\n\t\t\t\t<\/div>\n\t\t\t\t<\/div>\n\t\t<div class=\"elementor-element elementor-element-dfc8acd e-con-full e-flex e-con e-parent\" data-id=\"dfc8acd\" data-element_type=\"container\" data-e-type=\"container\" data-settings=\"{&quot;background_background&quot;:&quot;classic&quot;}\">\n\t\t<div class=\"elementor-element elementor-element-82bdccb e-con-full e-flex e-con e-child\" data-id=\"82bdccb\" data-element_type=\"container\" data-e-type=\"container\">\n\t\t\t\t<div class=\"elementor-element elementor-element-68423a7 elementor-widget elementor-widget-heading\" data-id=\"68423a7\" data-element_type=\"widget\" data-e-type=\"widget\" data-widget_type=\"heading.default\">\n\t\t\t\t\t<h2 class=\"elementor-heading-title elementor-size-default\">Affiliate (Referral) Partner Program\n<\/h2>\t\t\t\t<\/div>\n\t\t\t\t<div class=\"elementor-element elementor-element-36ef70a elementor-widget elementor-widget-text-editor\" data-id=\"36ef70a\" data-element_type=\"widget\" data-e-type=\"widget\" data-widget_type=\"text-editor.default\">\n\t\t\t\t\t\t\t\t\t<p class=\"p1\">Recommend hyWick, earn recurring commissions from every sale. Empower brands to manage their sales, advertising and performance data on a single platform \u2014 and earn sustainable income yourself.<\/p>\t\t\t\t\t\t\t\t<\/div>\n\t\t\t\t<div class=\"elementor-element elementor-element-14ef7fc elementor-widget elementor-widget-tx_button elh-el tx_button\" data-id=\"14ef7fc\" data-element_type=\"widget\" data-e-type=\"widget\" data-settings=\"{&quot;design_style&quot;:&quot;style_1&quot;}\" data-widget_type=\"tx_button.default\">\n\t\t\t\t<div class=\"elementor-widget-container\">\n\t\t\t\t\t<div class=\"btn-wrap wow fadeIn\" data-wow-duration=\"1000\" data-wow-delay=\"200\">\r\n    <a href=\"#\"\r\n    target=\"_self\"\r\n    rel=\"\" aria-label=\"name\" class=\"sr-pr-btn-1 btn_split_1\">\r\n                <span class=\"text\">Become an Affiliate Partner<\/span>\r\n        \r\n                <span class=\"icon\">\r\n            <i aria-hidden=\"true\" class=\"ph ph-caret-double-right\"><\/i>            <i aria-hidden=\"true\" class=\"ph ph-caret-double-right\"><\/i>        <\/span>\r\n            <\/a>\r\n<\/div>\t\t\t\t<\/div>\n\t\t\t\t<\/div>\n\t\t\t\t<\/div>\n\t\t<div class=\"elementor-element elementor-element-8da82d1 e-con-full e-flex e-con e-child\" data-id=\"8da82d1\" data-element_type=\"container\" data-e-type=\"container\" data-settings=\"{&quot;background_background&quot;:&quot;classic&quot;}\">\n\t\t\t\t<div class=\"elementor-element elementor-element-0c02eeb elementor-widget elementor-widget-heading\" data-id=\"0c02eeb\" data-element_type=\"widget\" data-e-type=\"widget\" data-widget_type=\"heading.default\">\n\t\t\t\t\t<h2 class=\"elementor-heading-title elementor-size-default\">Strategic Solution Partner Program\n<\/h2>\t\t\t\t<\/div>\n\t\t\t\t<div class=\"elementor-element elementor-element-a775bd6 elementor-widget elementor-widget-text-editor\" data-id=\"a775bd6\" data-element_type=\"widget\" data-e-type=\"widget\" data-widget_type=\"text-editor.default\">\n\t\t\t\t\t\t\t\t\t<p class=\"p1\">Provide your clients with the infrastructure to manage their sales, advertising and performance data on a single platform. With hyWick, deliver not just reports, but analysis and AI-powered insights. Take your agency to a higher value-added service model.<\/p>\t\t\t\t\t\t\t\t<\/div>\n\t\t\t\t<div class=\"elementor-element elementor-element-c5c6bec elementor-widget elementor-widget-tx_button elh-el tx_button\" data-id=\"c5c6bec\" data-element_type=\"widget\" data-e-type=\"widget\" data-settings=\"{&quot;design_style&quot;:&quot;style_1&quot;}\" data-widget_type=\"tx_button.default\">\n\t\t\t\t<div class=\"elementor-widget-container\">\n\t\t\t\t\t<div class=\"btn-wrap wow fadeIn\" data-wow-duration=\"1000\" data-wow-delay=\"200\">\r\n    <a href=\"#\"\r\n    target=\"_self\"\r\n    rel=\"\" aria-label=\"name\" class=\"sr-pr-btn-1 btn_split_1\">\r\n                <span class=\"text\">Become a Solution Partner<\/span>\r\n        \r\n                <span class=\"icon\">\r\n            <i aria-hidden=\"true\" class=\"ph ph-caret-double-right\"><\/i>            <i aria-hidden=\"true\" class=\"ph ph-caret-double-right\"><\/i>        <\/span>\r\n            <\/a>\r\n<\/div>\t\t\t\t<\/div>\n\t\t\t\t<\/div>\n\t\t\t\t<\/div>\n\t\t\t\t<\/div>\n\t\t\t\t<\/div>","protected":false},"excerpt":{"rendered":"<p>hyWick Partner Program\u0131 hyWick Partner Program\u0131 ile m\u00fc\u015fterilerinize sadece rapor de\u011fil, analiz ve yapay zek\u00e2 destekli i\u00e7g\u00f6r\u00fc sunun. Daha g\u00fc\u00e7l\u00fc raporlar, daha y\u00fcksek m\u00fc\u015fteri memnuniyeti ve yeni gelir f\u0131rsatlar\u0131 yarat\u0131n. hyWick Partner Program\u0131n\u0131n Avantajlar\u0131 Yeni ve S\u00fcrd\u00fcr\u00fclebilir Gelir Modeli M\u00fc\u015fteri ba\u015f\u0131na tekrar eden gelir elde edin ve ajans hizmetlerinizi daha y\u00fcksek katma de\u011ferli hale getirin. [&hellip;]<\/p>\n","protected":false},"author":1,"featured_media":3575,"parent":0,"menu_order":0,"comment_status":"closed","ping_status":"closed","template":"elementor_header_footer","meta":{"inline_featured_image":false,"footnotes":""},"class_list":["post-3560","page","type-page","status-publish","has-post-thumbnail","hentry"],"yoast_head":"<!-- This site is optimized with the Yoast SEO plugin v27.4 - https:\/\/yoast.com\/product\/yoast-seo-wordpress\/ -->\n<title>Partner Program\u0131 \u2013 Ajanslar i\u00e7in hyWick | hyWick<\/title>\n<meta name=\"description\" content=\"hyWick Partner Program\u0131 ile m\u00fc\u015fterilerinize yapay zeka destekli analiz sunun. Affiliate veya \u00c7\u00f6z\u00fcm Orta\u011f\u0131 olun, s\u00fcrd\u00fcr\u00fclebilir gelir elde edin.\" \/>\n<meta name=\"robots\" content=\"index, follow, max-snippet:-1, max-image-preview:large, max-video-preview:-1\" \/>\n<link rel=\"canonical\" href=\"https:\/\/hywick.com\/en\/partner\/\" \/>\n<meta property=\"og:locale\" content=\"en_US\" \/>\n<meta property=\"og:type\" content=\"article\" \/>\n<meta property=\"og:title\" content=\"Partner Program\u0131 \u2013 Ajanslar i\u00e7in hyWick | hyWick\" \/>\n<meta property=\"og:description\" content=\"hyWick Partner Program\u0131 ile m\u00fc\u015fterilerinize yapay zeka destekli analiz sunun. Affiliate veya \u00c7\u00f6z\u00fcm Orta\u011f\u0131 olun, s\u00fcrd\u00fcr\u00fclebilir gelir elde edin.\" \/>\n<meta property=\"og:url\" content=\"https:\/\/hywick.com\/en\/partner\/\" \/>\n<meta property=\"og:site_name\" content=\"hywick.com\" \/>\n<meta property=\"article:modified_time\" content=\"2026-03-11T20:47:03+00:00\" \/>\n<meta property=\"og:image\" content=\"https:\/\/hywick.com\/wp-content\/uploads\/2026\/03\/86204.jpg\" \/>\n\t<meta property=\"og:image:width\" content=\"1500\" \/>\n\t<meta property=\"og:image:height\" content=\"1500\" \/>\n\t<meta property=\"og:image:type\" content=\"image\/jpeg\" \/>\n<meta name=\"twitter:card\" content=\"summary_large_image\" \/>\n<meta name=\"twitter:site\" content=\"@hywick_ai\" \/>\n<meta name=\"twitter:label1\" content=\"Est. reading time\" \/>\n\t<meta name=\"twitter:data1\" content=\"2 minutes\" \/>\n<script type=\"application\/ld+json\" class=\"yoast-schema-graph\">{\"@context\":\"https:\\\/\\\/schema.org\",\"@graph\":[{\"@type\":\"WebPage\",\"@id\":\"https:\\\/\\\/hywick.com\\\/partner\\\/\",\"url\":\"https:\\\/\\\/hywick.com\\\/partner\\\/\",\"name\":\"Partner Program\u0131 \u2013 Ajanslar i\u00e7in hyWick | hyWick\",\"isPartOf\":{\"@id\":\"https:\\\/\\\/hywick.com\\\/#website\"},\"primaryImageOfPage\":{\"@id\":\"https:\\\/\\\/hywick.com\\\/partner\\\/#primaryimage\"},\"image\":{\"@id\":\"https:\\\/\\\/hywick.com\\\/partner\\\/#primaryimage\"},\"thumbnailUrl\":\"https:\\\/\\\/hywick.com\\\/wp-content\\\/uploads\\\/2026\\\/03\\\/86204.jpg\",\"datePublished\":\"2026-03-02T10:08:51+00:00\",\"dateModified\":\"2026-03-11T20:47:03+00:00\",\"description\":\"hyWick Partner Program\u0131 ile m\u00fc\u015fterilerinize yapay zeka destekli analiz sunun. Affiliate veya \u00c7\u00f6z\u00fcm Orta\u011f\u0131 olun, s\u00fcrd\u00fcr\u00fclebilir gelir elde edin.\",\"breadcrumb\":{\"@id\":\"https:\\\/\\\/hywick.com\\\/partner\\\/#breadcrumb\"},\"inLanguage\":\"en-US\",\"potentialAction\":[{\"@type\":\"ReadAction\",\"target\":[\"https:\\\/\\\/hywick.com\\\/partner\\\/\"]}]},{\"@type\":\"ImageObject\",\"inLanguage\":\"en-US\",\"@id\":\"https:\\\/\\\/hywick.com\\\/partner\\\/#primaryimage\",\"url\":\"https:\\\/\\\/hywick.com\\\/wp-content\\\/uploads\\\/2026\\\/03\\\/86204.jpg\",\"contentUrl\":\"https:\\\/\\\/hywick.com\\\/wp-content\\\/uploads\\\/2026\\\/03\\\/86204.jpg\",\"width\":1500,\"height\":1500},{\"@type\":\"BreadcrumbList\",\"@id\":\"https:\\\/\\\/hywick.com\\\/partner\\\/#breadcrumb\",\"itemListElement\":[{\"@type\":\"ListItem\",\"position\":1,\"name\":\"Home\",\"item\":\"https:\\\/\\\/hywick.com\\\/\"},{\"@type\":\"ListItem\",\"position\":2,\"name\":\"Partner\"}]},{\"@type\":\"WebSite\",\"@id\":\"https:\\\/\\\/hywick.com\\\/#website\",\"url\":\"https:\\\/\\\/hywick.com\\\/\",\"name\":\"hywick.com\",\"description\":\"The Decision Layer of Your Business\",\"publisher\":{\"@id\":\"https:\\\/\\\/hywick.com\\\/#organization\"},\"potentialAction\":[{\"@type\":\"SearchAction\",\"target\":{\"@type\":\"EntryPoint\",\"urlTemplate\":\"https:\\\/\\\/hywick.com\\\/?s={search_term_string}\"},\"query-input\":{\"@type\":\"PropertyValueSpecification\",\"valueRequired\":true,\"valueName\":\"search_term_string\"}}],\"inLanguage\":\"en-US\"},{\"@type\":\"Organization\",\"@id\":\"https:\\\/\\\/hywick.com\\\/#organization\",\"name\":\"hywick.com\",\"url\":\"https:\\\/\\\/hywick.com\\\/\",\"logo\":{\"@type\":\"ImageObject\",\"inLanguage\":\"en-US\",\"@id\":\"https:\\\/\\\/hywick.com\\\/#\\\/schema\\\/logo\\\/image\\\/\",\"url\":\"https:\\\/\\\/hywick.com\\\/wp-content\\\/uploads\\\/2026\\\/02\\\/hywicklogoboyut-01.webp\",\"contentUrl\":\"https:\\\/\\\/hywick.com\\\/wp-content\\\/uploads\\\/2026\\\/02\\\/hywicklogoboyut-01.webp\",\"width\":1042,\"height\":417,\"caption\":\"hywick.com\"},\"image\":{\"@id\":\"https:\\\/\\\/hywick.com\\\/#\\\/schema\\\/logo\\\/image\\\/\"},\"sameAs\":[\"https:\\\/\\\/x.com\\\/hywick_ai\",\"https:\\\/\\\/www.linkedin.com\\\/company\\\/hywick\",\"https:\\\/\\\/www.instagram.com\\\/hywick.ai\\\/\"]}]}<\/script>\n<!-- \/ Yoast SEO plugin. -->","yoast_head_json":{"title":"Partner Program\u0131 \u2013 Ajanslar i\u00e7in hyWick | hyWick","description":"hyWick Partner Program\u0131 ile m\u00fc\u015fterilerinize yapay zeka destekli analiz sunun. Affiliate veya \u00c7\u00f6z\u00fcm Orta\u011f\u0131 olun, s\u00fcrd\u00fcr\u00fclebilir gelir elde edin.","robots":{"index":"index","follow":"follow","max-snippet":"max-snippet:-1","max-image-preview":"max-image-preview:large","max-video-preview":"max-video-preview:-1"},"canonical":"https:\/\/hywick.com\/en\/partner\/","og_locale":"en_US","og_type":"article","og_title":"Partner Program\u0131 \u2013 Ajanslar i\u00e7in hyWick | hyWick","og_description":"hyWick Partner Program\u0131 ile m\u00fc\u015fterilerinize yapay zeka destekli analiz sunun. Affiliate veya \u00c7\u00f6z\u00fcm Orta\u011f\u0131 olun, s\u00fcrd\u00fcr\u00fclebilir gelir elde edin.","og_url":"https:\/\/hywick.com\/en\/partner\/","og_site_name":"hywick.com","article_modified_time":"2026-03-11T20:47:03+00:00","og_image":[{"width":1500,"height":1500,"url":"https:\/\/hywick.com\/wp-content\/uploads\/2026\/03\/86204.jpg","type":"image\/jpeg"}],"twitter_card":"summary_large_image","twitter_site":"@hywick_ai","twitter_misc":{"Est. reading time":"2 minutes"},"schema":{"@context":"https:\/\/schema.org","@graph":[{"@type":"WebPage","@id":"https:\/\/hywick.com\/partner\/","url":"https:\/\/hywick.com\/partner\/","name":"Partner Program\u0131 \u2013 Ajanslar i\u00e7in hyWick | hyWick","isPartOf":{"@id":"https:\/\/hywick.com\/#website"},"primaryImageOfPage":{"@id":"https:\/\/hywick.com\/partner\/#primaryimage"},"image":{"@id":"https:\/\/hywick.com\/partner\/#primaryimage"},"thumbnailUrl":"https:\/\/hywick.com\/wp-content\/uploads\/2026\/03\/86204.jpg","datePublished":"2026-03-02T10:08:51+00:00","dateModified":"2026-03-11T20:47:03+00:00","description":"hyWick Partner Program\u0131 ile m\u00fc\u015fterilerinize yapay zeka destekli analiz sunun. Affiliate veya \u00c7\u00f6z\u00fcm Orta\u011f\u0131 olun, s\u00fcrd\u00fcr\u00fclebilir gelir elde edin.","breadcrumb":{"@id":"https:\/\/hywick.com\/partner\/#breadcrumb"},"inLanguage":"en-US","potentialAction":[{"@type":"ReadAction","target":["https:\/\/hywick.com\/partner\/"]}]},{"@type":"ImageObject","inLanguage":"en-US","@id":"https:\/\/hywick.com\/partner\/#primaryimage","url":"https:\/\/hywick.com\/wp-content\/uploads\/2026\/03\/86204.jpg","contentUrl":"https:\/\/hywick.com\/wp-content\/uploads\/2026\/03\/86204.jpg","width":1500,"height":1500},{"@type":"BreadcrumbList","@id":"https:\/\/hywick.com\/partner\/#breadcrumb","itemListElement":[{"@type":"ListItem","position":1,"name":"Home","item":"https:\/\/hywick.com\/"},{"@type":"ListItem","position":2,"name":"Partner"}]},{"@type":"WebSite","@id":"https:\/\/hywick.com\/#website","url":"https:\/\/hywick.com\/","name":"hywick.com","description":"The Decision Layer of Your Business","publisher":{"@id":"https:\/\/hywick.com\/#organization"},"potentialAction":[{"@type":"SearchAction","target":{"@type":"EntryPoint","urlTemplate":"https:\/\/hywick.com\/?s={search_term_string}"},"query-input":{"@type":"PropertyValueSpecification","valueRequired":true,"valueName":"search_term_string"}}],"inLanguage":"en-US"},{"@type":"Organization","@id":"https:\/\/hywick.com\/#organization","name":"hywick.com","url":"https:\/\/hywick.com\/","logo":{"@type":"ImageObject","inLanguage":"en-US","@id":"https:\/\/hywick.com\/#\/schema\/logo\/image\/","url":"https:\/\/hywick.com\/wp-content\/uploads\/2026\/02\/hywicklogoboyut-01.webp","contentUrl":"https:\/\/hywick.com\/wp-content\/uploads\/2026\/02\/hywicklogoboyut-01.webp","width":1042,"height":417,"caption":"hywick.com"},"image":{"@id":"https:\/\/hywick.com\/#\/schema\/logo\/image\/"},"sameAs":["https:\/\/x.com\/hywick_ai","https:\/\/www.linkedin.com\/company\/hywick","https:\/\/www.instagram.com\/hywick.ai\/"]}]}},"_hostinger_reach_plugin_has_subscription_block":false,"_hostinger_reach_plugin_is_elementor":false,"_links":{"self":[{"href":"https:\/\/hywick.com\/en\/wp-json\/wp\/v2\/pages\/3560","targetHints":{"allow":["GET"]}}],"collection":[{"href":"https:\/\/hywick.com\/en\/wp-json\/wp\/v2\/pages"}],"about":[{"href":"https:\/\/hywick.com\/en\/wp-json\/wp\/v2\/types\/page"}],"author":[{"embeddable":true,"href":"https:\/\/hywick.com\/en\/wp-json\/wp\/v2\/users\/1"}],"replies":[{"embeddable":true,"href":"https:\/\/hywick.com\/en\/wp-json\/wp\/v2\/comments?post=3560"}],"version-history":[{"count":52,"href":"https:\/\/hywick.com\/en\/wp-json\/wp\/v2\/pages\/3560\/revisions"}],"predecessor-version":[{"id":3682,"href":"https:\/\/hywick.com\/en\/wp-json\/wp\/v2\/pages\/3560\/revisions\/3682"}],"wp:featuredmedia":[{"embeddable":true,"href":"https:\/\/hywick.com\/en\/wp-json\/wp\/v2\/media\/3575"}],"wp:attachment":[{"href":"https:\/\/hywick.com\/en\/wp-json\/wp\/v2\/media?parent=3560"}],"curies":[{"name":"wp","href":"https:\/\/api.w.org\/{rel}","templated":true}]}}